{"id":1947,"date":"2020-01-24T08:31:39","date_gmt":"2020-01-24T07:31:39","guid":{"rendered":"https:\/\/dentalteampalace.ch\/services\/wurzelkanalbehandlung\/"},"modified":"2023-10-11T08:43:49","modified_gmt":"2023-10-11T06:43:49","slug":"dentiste-dentiste-biel-traitement-de-canal-dental-team-palace","status":"publish","type":"page","link":"https:\/\/dentalteampalace.ch\/fr\/dentiste-dentiste-biel-nos-services-dental-team-palace\/dentiste-dentiste-biel-traitement-de-canal-dental-team-palace\/","title":{"rendered":"Le traitement de canal"},"content":{"rendered":"<p>[et_pb_section fb_built=&#8221;1&#8243; custom_padding_last_edited=&#8221;on|phone&#8221; admin_label=&#8221;Hero&#8221; _builder_version=&#8221;4.16&#8243; use_background_color_gradient=&#8221;on&#8221; background_color_gradient_stops=&#8221;rgba(0,0,0,0.5) 0%|rgba(0,0,0,0.5) 100%&#8221; background_color_gradient_overlays_image=&#8221;on&#8221; background_color_gradient_start=&#8221;rgba(0,0,0,0.5)&#8221; background_color_gradient_end=&#8221;rgba(0,0,0,0.5)&#8221; background_image=&#8221;https:\/\/dentalteampalace.ch\/wp-content\/uploads\/DSC_7373.avif&#8221; custom_padding=&#8221;150px|0px|150px|0px|true|false&#8221; custom_padding_tablet=&#8221;100px||100px||true&#8221; custom_padding_phone=&#8221;80px||80px||true&#8221; global_colors_info=&#8221;{}&#8221;][et_pb_row _builder_version=&#8221;4.16&#8243; background_size=&#8221;initial&#8221; background_position=&#8221;top_left&#8221; background_repeat=&#8221;repeat&#8221; custom_padding=&#8221;0|0px|0|0px|false|false&#8221; animation_style=&#8221;slide&#8221; animation_direction=&#8221;top&#8221; animation_intensity_slide=&#8221;3%&#8221; global_colors_info=&#8221;{}&#8221;][et_pb_column type=&#8221;4_4&#8243; _builder_version=&#8221;4.16&#8243; custom_padding=&#8221;|||&#8221; global_colors_info=&#8221;{}&#8221; custom_padding__hover=&#8221;|||&#8221;][et_pb_text _builder_version=&#8221;4.16&#8243; text_font=&#8221;|||on|||||&#8221; text_text_color=&#8221;#ffffff&#8221; text_font_size=&#8221;16px&#8221; text_line_height=&#8221;3em&#8221; header_font=&#8221;|||on|||||&#8221; header_font_size=&#8221;60px&#8221; header_line_height=&#8221;1.3em&#8221; header_2_font=&#8221;|700||on|||||&#8221; header_2_text_color=&#8221;#ffffff&#8221; header_2_font_size=&#8221;48px&#8221; background_size=&#8221;initial&#8221; background_position=&#8221;top_left&#8221; background_repeat=&#8221;repeat&#8221; custom_margin=&#8221;|||&#8221; animation_style=&#8221;fade&#8221; text_font_size_tablet=&#8221;&#8221; text_font_size_phone=&#8221;&#8221; text_font_size_last_edited=&#8221;on|desktop&#8221; header_font_size_last_edited=&#8221;off|desktop&#8221; header_2_font_size_tablet=&#8221;40px&#8221; header_2_font_size_phone=&#8221;32px&#8221; header_2_font_size_last_edited=&#8221;on|desktop&#8221; locked=&#8221;off&#8221; global_colors_info=&#8221;{}&#8221;]<\/p>\n<p>\nDental Team Palace<\/p>\n<h2>Wurzelkanalbehandlung<\/h2>\n<p>[\/et_pb_text][\/et_pb_column][\/et_pb_row][\/et_pb_section][et_pb_section fb_built=&#8221;1&#8243; custom_padding_last_edited=&#8221;on|desktop&#8221; admin_label=&#8221;Text and Image&#8221; _builder_version=&#8221;4.16&#8243; custom_padding=&#8221;100px|0px|100px|0px|true|false&#8221; custom_padding_tablet=&#8221;80px||80px||true&#8221; custom_padding_phone=&#8221;60px||60px||true&#8221; global_colors_info=&#8221;{}&#8221;][et_pb_row column_structure=&#8221;1_2,1_2&#8243; make_equal=&#8221;on&#8221; module_class=&#8221;flex&#8221; _builder_version=&#8221;4.16&#8243; background_size=&#8221;initial&#8221; background_position=&#8221;top_left&#8221; background_repeat=&#8221;repeat&#8221; custom_padding=&#8221;0|0px|0|0px|false|false&#8221; global_colors_info=&#8221;{}&#8221;][et_pb_column type=&#8221;1_2&#8243; _builder_version=&#8221;4.16&#8243; custom_padding=&#8221;|||&#8221; global_colors_info=&#8221;{}&#8221; custom_padding__hover=&#8221;|||&#8221;][et_pb_text _builder_version=&#8221;4.16&#8243; text_font=&#8221;|300|||||||&#8221; text_text_color=&#8221;#747d88&#8243; text_font_size=&#8221;16px&#8221; header_3_line_height=&#8221;1.5em&#8221; background_size=&#8221;initial&#8221; background_position=&#8221;top_left&#8221; background_repeat=&#8221;repeat&#8221; max_width=&#8221;700px&#8221; module_alignment=&#8221;center&#8221; animation_style=&#8221;fade&#8221; animation_direction=&#8221;top&#8221; text_font_size_tablet=&#8221;15px&#8221; text_font_size_phone=&#8221;14px&#8221; text_font_size_last_edited=&#8221;on|phone&#8221; global_colors_info=&#8221;{}&#8221;]<\/p>\n<p>\u200bMalheureusement, souvent une s\u00e9rie de cavit\u00e9s: les bact\u00e9ries envahissent l\u2019int\u00e9rieur de la dent et infectent la pulpe et le nerf dentaire d\u00e9licat. Toutes les dents ont au moins un canal radiculaire, certaines grandes molaires jusqu\u2019\u00e0 quatre. Les canaux radiculaires contiennent ce que l\u2019on appelle la pulpe, \u00e9galement appel\u00e9e \u00abnerf dentaire\u00bb. Lorsque la pulpe est affect\u00e9e par une inflammation, on parle de pulpite. Un traitement de canal a pour but d\u2019\u00e9liminer l\u2019inflammation \u2013 et de pr\u00e9server la dent aussi longtemps que possible. La pulpite, qui n\u00e9cessite un traitement radiculaire, peut avoir plusieurs causes. Quelques raisons communes: Dans une carie tr\u00e8s avanc\u00e9e, les pathog\u00e8nes p\u00e9n\u00e8trent profond\u00e9ment dans l\u2019int\u00e9rieur de la dent et provoquent l\u2019inflammation. La blessure externe d\u2019une dent peut \u00e9galement causer une pulpite. Dans la parodontite, une inflammation g\u00e9n\u00e9ralis\u00e9e du parodonte, les agents pathog\u00e8nes p\u00e9n\u00e8trent par les poches dentaires jusqu\u2019\u00e0 la racine. La pulpite est donc d\u00e9clench\u00e9e \u00ab\u00a0d\u2019en bas\u00a0\u00bb. La pulpite n\u2019est pas toujours associ\u00e9e \u00e0 une douleur aigu\u00eb. S\u2019il tire ou blesse n\u2019importe o\u00f9, cela peut indiquer une inflammation. Mais d\u2019autres probl\u00e8mes dentaires peuvent \u00eatre responsables. Douleur apr\u00e8s le traitement du canal radiculaire? Mal de dents apr\u00e8s traitement du canal radiculaire n\u2019est pas rare. Bien que les nerfs et les vaisseaux sanguins de la pulpe et donc les r\u00e9cepteurs de la douleur dans l\u2019engagement \u00e0 \u00e9liminer, mais vous pouvez vous sentir apr\u00e8s la tendresse ou l\u00e9g\u00e8rement douleur lancinante. Ils sont caus\u00e9s par l\u2019irritation et le stress important du tissu environnant. Les plaintes devraient, cependant, au moins apr\u00e8s une semaine s\u2019apaiser. Si ce n\u2019est pas le cas, vous devez nous contacter. Puis g\u00e9n\u00e9ralement il y a une inflammation renouvel\u00e9e apr\u00e8s le traitement du canal radiculaire derri\u00e8re elle.<\/p>\n<p>[\/et_pb_text][\/et_pb_column][et_pb_column type=&#8221;1_2&#8243; _builder_version=&#8221;4.16&#8243; custom_padding=&#8221;|||&#8221; global_colors_info=&#8221;{}&#8221; custom_padding__hover=&#8221;|||&#8221;][et_pb_image src=&#8221;https:\/\/dentalteampalace.ch\/wp-content\/uploads\/wurzelkanalbehandlung.jpg&#8221; align_tablet=&#8221;center&#8221; align_phone=&#8221;&#8221; align_last_edited=&#8221;on|desktop&#8221; module_class=&#8221;thumbnail&#8221; _builder_version=&#8221;4.16&#8243; animation_style=&#8221;slide&#8221; animation_direction=&#8221;right&#8221; animation_intensity_slide=&#8221;10%&#8221; global_colors_info=&#8221;{}&#8221;][\/et_pb_image][\/et_pb_column][\/et_pb_row][\/et_pb_section][et_pb_section fb_built=&#8221;1&#8243; admin_label=&#8221;Register&#8221; _builder_version=&#8221;4.16&#8243; use_background_color_gradient=&#8221;on&#8221; background_color_gradient_direction=&#8221;240deg&#8221; background_color_gradient_stops=&#8221;rgba(0,0,0,0.5) 0%|rgba(0,0,0,0.5) 100%&#8221; background_color_gradient_overlays_image=&#8221;on&#8221; background_color_gradient_start=&#8221;rgba(0,0,0,0.5)&#8221; background_color_gradient_end=&#8221;rgba(0,0,0,0.5)&#8221; background_image=&#8221;https:\/\/dentalteampalace.ch\/wp-content\/uploads\/appointment-bg.jpg&#8221; vertical_offset_tablet=&#8221;0&#8243; horizontal_offset_tablet=&#8221;0&#8243; custom_padding=&#8221;100px||100px||true|false&#8221; top_divider_flip=&#8221;horizontal&#8221; animation_direction=&#8221;bottom&#8221; background_color_gradient_stops_tablet=&#8221;rgba(0,0,0,0.5) 0%|rgba(0,0,0,0.5) 100%&#8221; background_color_gradient_stops_phone=&#8221;rgba(0,0,0,0.5) 0%|rgba(0,0,0,0.5) 100%&#8221; z_index_tablet=&#8221;0&#8243; box_shadow_horizontal_tablet=&#8221;0px&#8221; box_shadow_vertical_tablet=&#8221;0px&#8221; box_shadow_blur_tablet=&#8221;40px&#8221; box_shadow_spread_tablet=&#8221;0px&#8221; global_module=&#8221;296&#8243; global_colors_info=&#8221;{}&#8221;][et_pb_row _builder_version=&#8221;4.16&#8243; custom_padding=&#8221;0|0px|0|0px|false|false&#8221; global_colors_info=&#8221;{}&#8221;][et_pb_column type=&#8221;4_4&#8243; _builder_version=&#8221;4.16&#8243; custom_padding=&#8221;|||&#8221; global_colors_info=&#8221;{}&#8221; custom_padding__hover=&#8221;|||&#8221;][et_pb_text admin_label=&#8221;Title&#8221; _builder_version=&#8221;4.16&#8243; header_2_font=&#8221;Montserrat|500|||||||&#8221; header_2_text_align=&#8221;center&#8221; header_2_font_size=&#8221;30px&#8221; header_3_text_align=&#8221;left&#8221; header_3_text_color=&#8221;#ffffff&#8221; animation_style=&#8221;fade&#8221; global_colors_info=&#8221;{}&#8221;]<\/p>\n<h3>R\u00e9servez votre prochain rendez-vous en ligne<\/h3>\n<p>[\/et_pb_text][et_pb_button button_url=&#8221;\/fr\/date-de-la-demande\/&#8221; button_text=&#8221;Date de la demande&#8221; button_alignment=&#8221;left&#8221; _builder_version=&#8221;4.19.1&#8243; custom_button=&#8221;on&#8221; button_text_size=&#8221;16px&#8221; button_text_color=&#8221;#ffffff&#8221; button_border_color=&#8221;#ffffff&#8221; button_border_radius=&#8221;100px&#8221; button_font=&#8221;|500||on|||||&#8221; button_use_icon=&#8221;off&#8221; background_layout=&#8221;dark&#8221; custom_margin=&#8221;30px|||&#8221; custom_padding=&#8221;0.6em|1em|0.6em|1em&#8221; animation_style=&#8221;fade&#8221; global_colors_info=&#8221;{}&#8221; button_text_size__hover_enabled=&#8221;off&#8221; button_one_text_size__hover_enabled=&#8221;off&#8221; button_two_text_size__hover_enabled=&#8221;off&#8221; button_text_color__hover_enabled=&#8221;off&#8221; button_one_text_color__hover_enabled=&#8221;off&#8221; button_two_text_color__hover_enabled=&#8221;off&#8221; button_border_width__hover_enabled=&#8221;off&#8221; button_one_border_width__hover_enabled=&#8221;off&#8221; button_two_border_width__hover_enabled=&#8221;off&#8221; button_border_color__hover_enabled=&#8221;off&#8221; button_one_border_color__hover_enabled=&#8221;off&#8221; button_two_border_color__hover_enabled=&#8221;off&#8221; button_border_radius__hover_enabled=&#8221;off&#8221; button_one_border_radius__hover_enabled=&#8221;off&#8221; button_two_border_radius__hover_enabled=&#8221;off&#8221; button_letter_spacing__hover_enabled=&#8221;off&#8221; button_one_letter_spacing__hover_enabled=&#8221;off&#8221; button_two_letter_spacing__hover_enabled=&#8221;off&#8221; button_bg_color__hover_enabled=&#8221;off&#8221; button_one_bg_color__hover_enabled=&#8221;off&#8221; button_two_bg_color__hover_enabled=&#8221;off&#8221;][\/et_pb_button][\/et_pb_column][\/et_pb_row][\/et_pb_section]<\/p>\n","protected":false},"excerpt":{"rendered":"<p>Dental Team Palace Wurzelkanalbehandlung \u200bMalheureusement, souvent une s\u00e9rie de cavit\u00e9s: les bact\u00e9ries envahissent l\u2019int\u00e9rieur de la dent et infectent la pulpe et le nerf dentaire d\u00e9licat. Toutes les dents ont au moins un canal radiculaire, certaines grandes molaires jusqu\u2019\u00e0 quatre. Les canaux radiculaires contiennent ce que l\u2019on appelle la pulpe, \u00e9galement appel\u00e9e \u00abnerf dentaire\u00bb. Lorsque [&hellip;]<\/p>\n","protected":false},"author":1,"featured_media":0,"parent":1856,"menu_order":0,"comment_status":"closed","ping_status":"closed","template":"","meta":{"_et_pb_use_builder":"on","_et_pb_old_content":"","_et_gb_content_width":"","footnotes":""},"class_list":["post-1947","page","type-page","status-publish","hentry"],"yoast_head":"<!-- This site is optimized with the Yoast SEO plugin v27.2 - https:\/\/yoast.com\/product\/yoast-seo-wordpress\/ -->\n<title>Le traitement de canal - Dental Team Palace<\/title>\n<meta name=\"description\" content=\"Traitement de canal pr\u00e9cis chez Dental Team Palace \u00e0 Bienne. Nos dentistes offrent des soins professionnels pour sauver votre dent. Prenez rendez-vous !\" \/>\n<meta name=\"robots\" content=\"index, follow, max-snippet:-1, max-image-preview:large, max-video-preview:-1\" \/>\n<link rel=\"canonical\" href=\"https:\/\/dentalteampalace.ch\/fr\/dentiste-dentiste-biel-nos-services-dental-team-palace\/dentiste-dentiste-biel-traitement-de-canal-dental-team-palace\/\" \/>\n<meta property=\"og:locale\" content=\"fr_FR\" \/>\n<meta property=\"og:type\" content=\"article\" \/>\n<meta property=\"og:title\" content=\"Le traitement de canal - Dental Team Palace\" \/>\n<meta property=\"og:description\" content=\"Traitement de canal pr\u00e9cis chez Dental Team Palace \u00e0 Bienne. Nos dentistes offrent des soins professionnels pour sauver votre dent. Prenez rendez-vous !\" \/>\n<meta property=\"og:url\" content=\"https:\/\/dentalteampalace.ch\/fr\/dentiste-dentiste-biel-nos-services-dental-team-palace\/dentiste-dentiste-biel-traitement-de-canal-dental-team-palace\/\" \/>\n<meta property=\"og:site_name\" content=\"Dental Team Palace\" \/>\n<meta property=\"article:publisher\" content=\"https:\/\/www.facebook.com\/dentalteampalace\" \/>\n<meta property=\"article:modified_time\" content=\"2023-10-11T06:43:49+00:00\" \/>\n<meta name=\"twitter:card\" content=\"summary_large_image\" \/>\n<meta name=\"twitter:label1\" content=\"Dur\u00e9e de lecture estim\u00e9e\" \/>\n\t<meta name=\"twitter:data1\" content=\"3 minutes\" \/>\n<!-- \/ Yoast SEO plugin. -->","yoast_head_json":{"title":"Le traitement de canal - Dental Team Palace","description":"Traitement de canal pr\u00e9cis chez Dental Team Palace \u00e0 Bienne. Nos dentistes offrent des soins professionnels pour sauver votre dent. Prenez rendez-vous !","robots":{"index":"index","follow":"follow","max-snippet":"max-snippet:-1","max-image-preview":"max-image-preview:large","max-video-preview":"max-video-preview:-1"},"canonical":"https:\/\/dentalteampalace.ch\/fr\/dentiste-dentiste-biel-nos-services-dental-team-palace\/dentiste-dentiste-biel-traitement-de-canal-dental-team-palace\/","og_locale":"fr_FR","og_type":"article","og_title":"Le traitement de canal - Dental Team Palace","og_description":"Traitement de canal pr\u00e9cis chez Dental Team Palace \u00e0 Bienne. Nos dentistes offrent des soins professionnels pour sauver votre dent. Prenez rendez-vous !","og_url":"https:\/\/dentalteampalace.ch\/fr\/dentiste-dentiste-biel-nos-services-dental-team-palace\/dentiste-dentiste-biel-traitement-de-canal-dental-team-palace\/","og_site_name":"Dental Team Palace","article_publisher":"https:\/\/www.facebook.com\/dentalteampalace","article_modified_time":"2023-10-11T06:43:49+00:00","twitter_card":"summary_large_image","twitter_misc":{"Dur\u00e9e de lecture estim\u00e9e":"3 minutes"},"schema":{"@context":"https:\/\/schema.org","@graph":[{"@type":"WebPage","@id":"https:\/\/dentalteampalace.ch\/fr\/dentiste-dentiste-biel-nos-services-dental-team-palace\/dentiste-dentiste-biel-traitement-de-canal-dental-team-palace\/","url":"https:\/\/dentalteampalace.ch\/fr\/dentiste-dentiste-biel-nos-services-dental-team-palace\/dentiste-dentiste-biel-traitement-de-canal-dental-team-palace\/","name":"Le traitement de canal - Dental Team Palace","isPartOf":{"@id":"https:\/\/dentalteampalace.ch\/#website"},"datePublished":"2020-01-24T07:31:39+00:00","dateModified":"2023-10-11T06:43:49+00:00","description":"Traitement de canal pr\u00e9cis chez Dental Team Palace \u00e0 Bienne. Nos dentistes offrent des soins professionnels pour sauver votre dent. Prenez rendez-vous !","breadcrumb":{"@id":"https:\/\/dentalteampalace.ch\/fr\/dentiste-dentiste-biel-nos-services-dental-team-palace\/dentiste-dentiste-biel-traitement-de-canal-dental-team-palace\/#breadcrumb"},"inLanguage":"fr-FR","potentialAction":[{"@type":"ReadAction","target":["https:\/\/dentalteampalace.ch\/fr\/dentiste-dentiste-biel-nos-services-dental-team-palace\/dentiste-dentiste-biel-traitement-de-canal-dental-team-palace\/"]}]},{"@type":"BreadcrumbList","@id":"https:\/\/dentalteampalace.ch\/fr\/dentiste-dentiste-biel-nos-services-dental-team-palace\/dentiste-dentiste-biel-traitement-de-canal-dental-team-palace\/#breadcrumb","itemListElement":[{"@type":"ListItem","position":1,"name":"Startseite","item":"https:\/\/dentalteampalace.ch\/fr\/"},{"@type":"ListItem","position":2,"name":"Services","item":"https:\/\/dentalteampalace.ch\/fr\/dentiste-dentiste-biel-nos-services-dental-team-palace\/"},{"@type":"ListItem","position":3,"name":"Le traitement de canal"}]},{"@type":"WebSite","@id":"https:\/\/dentalteampalace.ch\/#website","url":"https:\/\/dentalteampalace.ch\/","name":"Dental Team Palace","description":"Zahnarzt Biel","publisher":{"@id":"https:\/\/dentalteampalace.ch\/#organization"},"potentialAction":[{"@type":"SearchAction","target":{"@type":"EntryPoint","urlTemplate":"https:\/\/dentalteampalace.ch\/?s={search_term_string}"},"query-input":{"@type":"PropertyValueSpecification","valueRequired":true,"valueName":"search_term_string"}}],"inLanguage":"fr-FR"},{"@type":"Organization","@id":"https:\/\/dentalteampalace.ch\/#organization","name":"Dental Team Palace","url":"https:\/\/dentalteampalace.ch\/","logo":{"@type":"ImageObject","inLanguage":"fr-FR","@id":"https:\/\/dentalteampalace.ch\/#\/schema\/logo\/image\/","url":"https:\/\/dentalteampalace.ch\/wp-content\/uploads\/logo.png","contentUrl":"https:\/\/dentalteampalace.ch\/wp-content\/uploads\/logo.png","width":2855,"height":1198,"caption":"Dental Team Palace"},"image":{"@id":"https:\/\/dentalteampalace.ch\/#\/schema\/logo\/image\/"},"sameAs":["https:\/\/www.facebook.com\/dentalteampalace"]}]}},"_links":{"self":[{"href":"https:\/\/dentalteampalace.ch\/fr\/wp-json\/wp\/v2\/pages\/1947","targetHints":{"allow":["GET"]}}],"collection":[{"href":"https:\/\/dentalteampalace.ch\/fr\/wp-json\/wp\/v2\/pages"}],"about":[{"href":"https:\/\/dentalteampalace.ch\/fr\/wp-json\/wp\/v2\/types\/page"}],"author":[{"embeddable":true,"href":"https:\/\/dentalteampalace.ch\/fr\/wp-json\/wp\/v2\/users\/1"}],"replies":[{"embeddable":true,"href":"https:\/\/dentalteampalace.ch\/fr\/wp-json\/wp\/v2\/comments?post=1947"}],"version-history":[{"count":0,"href":"https:\/\/dentalteampalace.ch\/fr\/wp-json\/wp\/v2\/pages\/1947\/revisions"}],"up":[{"embeddable":true,"href":"https:\/\/dentalteampalace.ch\/fr\/wp-json\/wp\/v2\/pages\/1856"}],"wp:attachment":[{"href":"https:\/\/dentalteampalace.ch\/fr\/wp-json\/wp\/v2\/media?parent=1947"}],"curies":[{"name":"wp","href":"https:\/\/api.w.org\/{rel}","templated":true}]}}